{"id":58,"date":"2010-04-17T08:32:51","date_gmt":"2010-04-17T08:32:51","guid":{"rendered":"http:\/\/blocn4.wordpress.com\/?page_id=58"},"modified":"2025-10-13T12:56:48","modified_gmt":"2025-10-13T12:56:48","slug":"orase-infratite","status":"publish","type":"page","link":"https:\/\/birsan.ro\/?page_id=58","title":{"rendered":"Ora\u015fe \u00eenfr\u0103\u0163ite cu Suceava"},"content":{"rendered":"<h3>Ora\u015fe \u00eenfr\u0103\u0163ite<\/h3>\n<p>Municipiul Suceava este \u00eenfr\u0103\u0163it cu urm\u0103toarele ora\u015fe:<\/p>\n<ul>\n<li><a title=\"Polonia\" href=\"http:\/\/ro.wikipedia.org\/wiki\/Fi%C5%9Fier:Flag_of_Poland.svg\"><img  title=\"\" loading=\"lazy\" decoding=\"async\" src=\"http:\/\/upload.wikimedia.org\/wikipedia\/commons\/thumb\/1\/12\/Flag_of_Poland.svg\/24px-Flag_of_Poland.svg.png\"  alt=\"24px-Flag_of_Poland.svg Ora\u015fe \u00eenfr\u0103\u0163ite cu Suceava\"  width=\"24\" height=\"15\" \/><\/a><a title=\"Sosnowiec\" href=\"http:\/\/ro.wikipedia.org\/wiki\/Sosnowiec\">Sosnowiec<\/a> (<a title=\"Polonia\" href=\"http:\/\/ro.wikipedia.org\/wiki\/Polonia\">Polonia<\/a>)<\/li>\n<li><a title=\"Ucraina\" href=\"http:\/\/ro.wikipedia.org\/wiki\/Fi%C5%9Fier:Flag_of_Ukraine.svg\"><img  title=\"\" loading=\"lazy\" decoding=\"async\" src=\"http:\/\/upload.wikimedia.org\/wikipedia\/commons\/thumb\/4\/49\/Flag_of_Ukraine.svg\/23px-Flag_of_Ukraine.svg.png\"  alt=\"23px-Flag_of_Ukraine.svg Ora\u015fe \u00eenfr\u0103\u0163ite cu Suceava\"  width=\"23\" height=\"15\" \/><\/a><a title=\"Cern\u0103u\u0163i\" href=\"http:\/\/ro.wikipedia.org\/wiki\/Cern%C4%83u%C5%A3i\">Cern\u0103u\u0163i<\/a><\/li>\n<li><a title=\"China\" href=\"http:\/\/ro.wikipedia.org\/wiki\/Fi%C5%9Fier:Flag_of_the_People%27s_Republic_of_China.svg\"><img  title=\"\" loading=\"lazy\" decoding=\"async\" src=\"http:\/\/upload.wikimedia.org\/wikipedia\/commons\/thumb\/f\/fa\/Flag_of_the_People%27s_Republic_of_China.svg\/23px-Flag_of_the_People%27s_Republic_of_China.svg.png\"  alt=\"23px-Flag_of_the_People%27s_Republic_of_China.svg Ora\u015fe \u00eenfr\u0103\u0163ite cu Suceava\"  width=\"23\" height=\"15\" \/><\/a> <a title=\"Guizhou\" href=\"http:\/\/ro.wikipedia.org\/wiki\/Guizhou\">Guizhou<\/a><\/li>\n<\/ul>\n<h3>Consulate<\/h3>\n<ul>\n<li><a title=\"Ucraina\" href=\"http:\/\/ro.wikipedia.org\/wiki\/Fi%C5%9Fier:Flag_of_Ukraine.svg\"><img  title=\"\" loading=\"lazy\" decoding=\"async\" src=\"http:\/\/upload.wikimedia.org\/wikipedia\/commons\/thumb\/4\/49\/Flag_of_Ukraine.svg\/23px-Flag_of_Ukraine.svg.png\"  alt=\"23px-Flag_of_Ukraine.svg Ora\u015fe \u00eenfr\u0103\u0163ite cu Suceava\"  width=\"23\" height=\"15\" \/><\/a> Consulatul general al <a title=\"Ucraina\" href=\"http:\/\/ro.wikipedia.org\/wiki\/Ucraina\">Ucrainei<\/a><\/li>\n<\/ul>\n","protected":false},"excerpt":{"rendered":"<p>Ora\u015fe \u00eenfr\u0103\u0163ite Municipiul Suceava este \u00eenfr\u0103\u0163it cu urm\u0103toarele ora\u015fe: Sosnowiec (Polonia) Cern\u0103u\u0163i Guizhou Consulate Consulatul general al Ucrainei<\/p>\n","protected":false},"author":1,"featured_media":0,"parent":41,"menu_order":0,"comment_status":"open","ping_status":"closed","template":"","meta":{"footnotes":""},"class_list":["post-58","page","type-page","status-publish","hentry"],"yoast_head":"<!-- This site is optimized with the Yoast SEO plugin v27.4 - https:\/\/yoast.com\/product\/yoast-seo-wordpress\/ -->\n<title>Ora\u015fe \u00eenfr\u0103\u0163ite cu Suceava - BFP<\/title>\n<meta name=\"robots\" content=\"index, follow, max-snippet:-1, max-image-preview:large, max-video-preview:-1\" \/>\n<link rel=\"canonical\" href=\"https:\/\/birsan.ro\/?page_id=58\" \/>\n<meta property=\"og:locale\" content=\"ro_RO\" \/>\n<meta property=\"og:type\" content=\"article\" \/>\n<meta property=\"og:title\" content=\"Ora\u015fe \u00eenfr\u0103\u0163ite cu Suceava - BFP\" \/>\n<meta property=\"og:description\" content=\"Ora\u015fe \u00eenfr\u0103\u0163ite Municipiul Suceava este \u00eenfr\u0103\u0163it cu urm\u0103toarele ora\u015fe: Sosnowiec (Polonia) Cern\u0103u\u0163i Guizhou Consulate Consulatul general al Ucrainei\" \/>\n<meta property=\"og:url\" content=\"https:\/\/birsan.ro\/?page_id=58\" \/>\n<meta property=\"og:site_name\" content=\"BFP\" \/>\n<meta property=\"article:modified_time\" content=\"2025-10-13T12:56:48+00:00\" \/>\n<meta property=\"og:image\" content=\"http:\/\/upload.wikimedia.org\/wikipedia\/commons\/thumb\/1\/12\/Flag_of_Poland.svg\/24px-Flag_of_Poland.svg.png\" \/>\n<meta name=\"twitter:card\" content=\"summary_large_image\" \/>\n<script type=\"application\/ld+json\" class=\"yoast-schema-graph\">{\"@context\":\"https:\\\/\\\/schema.org\",\"@graph\":[{\"@type\":\"WebPage\",\"@id\":\"https:\\\/\\\/birsan.ro\\\/?page_id=58\",\"url\":\"https:\\\/\\\/birsan.ro\\\/?page_id=58\",\"name\":\"Ora\u015fe \u00eenfr\u0103\u0163ite cu Suceava - BFP\",\"isPartOf\":{\"@id\":\"https:\\\/\\\/birsan.ro\\\/#website\"},\"primaryImageOfPage\":{\"@id\":\"https:\\\/\\\/birsan.ro\\\/?page_id=58#primaryimage\"},\"image\":{\"@id\":\"https:\\\/\\\/birsan.ro\\\/?page_id=58#primaryimage\"},\"thumbnailUrl\":\"http:\\\/\\\/upload.wikimedia.org\\\/wikipedia\\\/commons\\\/thumb\\\/1\\\/12\\\/Flag_of_Poland.svg\\\/24px-Flag_of_Poland.svg.png\",\"datePublished\":\"2010-04-17T08:32:51+00:00\",\"dateModified\":\"2025-10-13T12:56:48+00:00\",\"breadcrumb\":{\"@id\":\"https:\\\/\\\/birsan.ro\\\/?page_id=58#breadcrumb\"},\"inLanguage\":\"ro-RO\",\"potentialAction\":[{\"@type\":\"ReadAction\",\"target\":[\"https:\\\/\\\/birsan.ro\\\/?page_id=58\"]}]},{\"@type\":\"ImageObject\",\"inLanguage\":\"ro-RO\",\"@id\":\"https:\\\/\\\/birsan.ro\\\/?page_id=58#primaryimage\",\"url\":\"http:\\\/\\\/upload.wikimedia.org\\\/wikipedia\\\/commons\\\/thumb\\\/1\\\/12\\\/Flag_of_Poland.svg\\\/24px-Flag_of_Poland.svg.png\",\"contentUrl\":\"http:\\\/\\\/upload.wikimedia.org\\\/wikipedia\\\/commons\\\/thumb\\\/1\\\/12\\\/Flag_of_Poland.svg\\\/24px-Flag_of_Poland.svg.png\"},{\"@type\":\"BreadcrumbList\",\"@id\":\"https:\\\/\\\/birsan.ro\\\/?page_id=58#breadcrumb\",\"itemListElement\":[{\"@type\":\"ListItem\",\"position\":1,\"name\":\"Prima pagin\u0103\",\"item\":\"https:\\\/\\\/birsan.ro\\\/\"},{\"@type\":\"ListItem\",\"position\":2,\"name\":\"Orasul Nostru Suceava\",\"item\":\"https:\\\/\\\/birsan.ro\\\/?page_id=41\"},{\"@type\":\"ListItem\",\"position\":3,\"name\":\"Ora\u015fe \u00eenfr\u0103\u0163ite cu Suceava\"}]},{\"@type\":\"WebSite\",\"@id\":\"https:\\\/\\\/birsan.ro\\\/#website\",\"url\":\"https:\\\/\\\/birsan.ro\\\/\",\"name\":\"BFP\",\"description\":\"G\u00e2nduri, idei , opinii , toate strict personale\",\"potentialAction\":[{\"@type\":\"SearchAction\",\"target\":{\"@type\":\"EntryPoint\",\"urlTemplate\":\"https:\\\/\\\/birsan.ro\\\/?s={search_term_string}\"},\"query-input\":{\"@type\":\"PropertyValueSpecification\",\"valueRequired\":true,\"valueName\":\"search_term_string\"}}],\"inLanguage\":\"ro-RO\"}]}<\/script>\n<!-- \/ Yoast SEO plugin. -->","yoast_head_json":{"title":"Ora\u015fe \u00eenfr\u0103\u0163ite cu Suceava - BFP","robots":{"index":"index","follow":"follow","max-snippet":"max-snippet:-1","max-image-preview":"max-image-preview:large","max-video-preview":"max-video-preview:-1"},"canonical":"https:\/\/birsan.ro\/?page_id=58","og_locale":"ro_RO","og_type":"article","og_title":"Ora\u015fe \u00eenfr\u0103\u0163ite cu Suceava - BFP","og_description":"Ora\u015fe \u00eenfr\u0103\u0163ite Municipiul Suceava este \u00eenfr\u0103\u0163it cu urm\u0103toarele ora\u015fe: Sosnowiec (Polonia) Cern\u0103u\u0163i Guizhou Consulate Consulatul general al Ucrainei","og_url":"https:\/\/birsan.ro\/?page_id=58","og_site_name":"BFP","article_modified_time":"2025-10-13T12:56:48+00:00","og_image":[{"url":"http:\/\/upload.wikimedia.org\/wikipedia\/commons\/thumb\/1\/12\/Flag_of_Poland.svg\/24px-Flag_of_Poland.svg.png","type":"","width":"","height":""}],"twitter_card":"summary_large_image","schema":{"@context":"https:\/\/schema.org","@graph":[{"@type":"WebPage","@id":"https:\/\/birsan.ro\/?page_id=58","url":"https:\/\/birsan.ro\/?page_id=58","name":"Ora\u015fe \u00eenfr\u0103\u0163ite cu Suceava - BFP","isPartOf":{"@id":"https:\/\/birsan.ro\/#website"},"primaryImageOfPage":{"@id":"https:\/\/birsan.ro\/?page_id=58#primaryimage"},"image":{"@id":"https:\/\/birsan.ro\/?page_id=58#primaryimage"},"thumbnailUrl":"http:\/\/upload.wikimedia.org\/wikipedia\/commons\/thumb\/1\/12\/Flag_of_Poland.svg\/24px-Flag_of_Poland.svg.png","datePublished":"2010-04-17T08:32:51+00:00","dateModified":"2025-10-13T12:56:48+00:00","breadcrumb":{"@id":"https:\/\/birsan.ro\/?page_id=58#breadcrumb"},"inLanguage":"ro-RO","potentialAction":[{"@type":"ReadAction","target":["https:\/\/birsan.ro\/?page_id=58"]}]},{"@type":"ImageObject","inLanguage":"ro-RO","@id":"https:\/\/birsan.ro\/?page_id=58#primaryimage","url":"http:\/\/upload.wikimedia.org\/wikipedia\/commons\/thumb\/1\/12\/Flag_of_Poland.svg\/24px-Flag_of_Poland.svg.png","contentUrl":"http:\/\/upload.wikimedia.org\/wikipedia\/commons\/thumb\/1\/12\/Flag_of_Poland.svg\/24px-Flag_of_Poland.svg.png"},{"@type":"BreadcrumbList","@id":"https:\/\/birsan.ro\/?page_id=58#breadcrumb","itemListElement":[{"@type":"ListItem","position":1,"name":"Prima pagin\u0103","item":"https:\/\/birsan.ro\/"},{"@type":"ListItem","position":2,"name":"Orasul Nostru Suceava","item":"https:\/\/birsan.ro\/?page_id=41"},{"@type":"ListItem","position":3,"name":"Ora\u015fe \u00eenfr\u0103\u0163ite cu Suceava"}]},{"@type":"WebSite","@id":"https:\/\/birsan.ro\/#website","url":"https:\/\/birsan.ro\/","name":"BFP","description":"G\u00e2nduri, idei , opinii , toate strict personale","potentialAction":[{"@type":"SearchAction","target":{"@type":"EntryPoint","urlTemplate":"https:\/\/birsan.ro\/?s={search_term_string}"},"query-input":{"@type":"PropertyValueSpecification","valueRequired":true,"valueName":"search_term_string"}}],"inLanguage":"ro-RO"}]}},"_links":{"self":[{"href":"https:\/\/birsan.ro\/index.php?rest_route=\/wp\/v2\/pages\/58","targetHints":{"allow":["GET"]}}],"collection":[{"href":"https:\/\/birsan.ro\/index.php?rest_route=\/wp\/v2\/pages"}],"about":[{"href":"https:\/\/birsan.ro\/index.php?rest_route=\/wp\/v2\/types\/page"}],"author":[{"embeddable":true,"href":"https:\/\/birsan.ro\/index.php?rest_route=\/wp\/v2\/users\/1"}],"replies":[{"embeddable":true,"href":"https:\/\/birsan.ro\/index.php?rest_route=%2Fwp%2Fv2%2Fcomments&post=58"}],"version-history":[{"count":1,"href":"https:\/\/birsan.ro\/index.php?rest_route=\/wp\/v2\/pages\/58\/revisions"}],"predecessor-version":[{"id":368,"href":"https:\/\/birsan.ro\/index.php?rest_route=\/wp\/v2\/pages\/58\/revisions\/368"}],"up":[{"embeddable":true,"href":"https:\/\/birsan.ro\/index.php?rest_route=\/wp\/v2\/pages\/41"}],"wp:attachment":[{"href":"https:\/\/birsan.ro\/index.php?rest_route=%2Fwp%2Fv2%2Fmedia&parent=58"}],"curies":[{"name":"wp","href":"https:\/\/api.w.org\/{rel}","templated":true}]}}